{"id":36302,"date":"2023-04-17T17:23:51","date_gmt":"2023-04-17T17:23:51","guid":{"rendered":"https:\/\/5leveldd.com\/?page_id=36302"},"modified":"2025-07-07T19:18:25","modified_gmt":"2025-07-07T19:18:25","slug":"contact","status":"publish","type":"page","link":"https:\/\/5leveldd.com\/es\/contact\/","title":{"rendered":"Contacto"},"content":{"rendered":"<div data-elementor-type=\"wp-page\" data-elementor-id=\"36302\" class=\"elementor elementor-36302\">\n\t\t\t\t\t\t<section class=\"default_header elementor-section elementor-top-section elementor-element elementor-element-d1aec30 elementor-section-stretched elementor-section-content-middle elementor-section-boxed elementor-section-height-default elementor-section-height-default\" data-id=\"d1aec30\" data-element_type=\"section\" data-e-type=\"section\" data-settings=\"{&quot;stretch_section&quot;:&quot;section-stretched&quot;,&quot;background_background&quot;:&quot;classic&quot;}\">\n\t\t\t\t\t\t<div class=\"elementor-container elementor-column-gap-default\">\n\t\t\t\t\t<div class=\"elementor-column elementor-col-50 elementor-top-column elementor-element elementor-element-306d912\" data-id=\"306d912\" data-element_type=\"column\" data-e-type=\"column\">\n\t\t\t<div class=\"elementor-widget-wrap elementor-element-populated\">\n\t\t\t\t\t\t<div class=\"elementor-element elementor-element-9c469e6 elementor-widget elementor-widget-rs-heading\" data-id=\"9c469e6\" data-element_type=\"widget\" data-e-type=\"widget\" data-widget_type=\"rs-heading.default\">\n\t\t\t\t<div class=\"elementor-widget-container\">\n\t\t\t\t\t\n        <div class=\"prelements-heading default animate-  gradient_color  subgradient_color\">\n        \t<div class=\"title-inner\">        \t\t      \t\t\n\t            <span class=\"sub-text\">Los mejores servicios de desarrollo y dise\u00f1o<\/span>\t\t\t\t\n\t\t\t\t\t        <\/div>\n\t                <\/div>\n        \t\t\t\t<\/div>\n\t\t\t\t<\/div>\n\t\t\t\t<div class=\"elementor-element elementor-element-0b67203 rs__animate_sec elementor-widget elementor-widget-rs-animated-heading\" data-id=\"0b67203\" data-element_type=\"widget\" data-e-type=\"widget\" data-widget_type=\"rs-animated-heading.default\">\n\t\t\t\t<div class=\"elementor-widget-container\">\n\t\t\t\t\t        <div class=\"rs-animated-heading   gradient_color\">\r\n        \t<div class=\"title-inner\">\t\t\r\n\t            <div class=\"title\">Ponerse en contacto \r\n\t\t<\/div>\t        <\/div>\r\n\t                <\/div>\r\n        <script>\r\n\t\t\tjQuery(document).ready(function($) {\r\n\t\t\t\t$(\".rs-animated-heading .cd-words-wrapper p:first-child\").addClass(\"is-visible\");\r\n\t\t\t});\r\n\t\t<\/script>\t\t\t\t<\/div>\n\t\t\t\t<\/div>\n\t\t\t\t<div class=\"elementor-element elementor-element-5a1a533 elementor-widget elementor-widget-rs-heading\" data-id=\"5a1a533\" data-element_type=\"widget\" data-e-type=\"widget\" data-widget_type=\"rs-heading.default\">\n\t\t\t\t<div class=\"elementor-widget-container\">\n\t\t\t\t\t\n        <div class=\"prelements-heading default animate-  gradient_color  subnormal_color\">\n        \t<div class=\"title-inner\">        \t\t      \t\t\n\t            <span class=\"sub-text\">Desarrollo de soluciones tecnol\u00f3gicas y transformaci\u00f3n digital<\/span>\t\t\t\t\n\t\t\t\t\t        <\/div>\n\t                    \t<div class=\"description\">\n            \t\t            \t\t<p>Trabajemos de la mano contigo para tomar decisiones estrat\u00e9gicas \u00f3ptimas que impacten positivamente a tu empresa. Ya sea que se trate de una peque\u00f1a empresa emergente o de una gran empresa, su negocio es importante para nosotros.<\/p><p>\u00a0<\/p><p>Su \u00e9xito es nuestro \u00e9xito.<\/p>  \n            \t<\/div>\n        \t        <\/div>\n        \t\t\t\t<\/div>\n\t\t\t\t<\/div>\n\t\t\t\t\t<\/div>\n\t\t<\/div>\n\t\t\t\t<div class=\"elementor-column elementor-col-50 elementor-top-column elementor-element elementor-element-5a60128\" data-id=\"5a60128\" data-element_type=\"column\" data-e-type=\"column\">\n\t\t\t<div class=\"elementor-widget-wrap elementor-element-populated\">\n\t\t\t\t\t\t<div class=\"elementor-element elementor-element-0d8cbf9 elementor-widget__width-auto elementor-hidden-mobile elementor-widget elementor-widget-rs-image\" data-id=\"0d8cbf9\" data-element_type=\"widget\" data-e-type=\"widget\" data-widget_type=\"rs-image.default\">\n\t\t\t\t<div class=\"elementor-widget-container\">\n\t\t\t\t\t\n        <div class=\"rs-image yes\">\n                            <img decoding=\"async\" class=\"rs-multi-image scale_style2 reverse- blend_unset\" src=\"https:\/\/5leveldd.com\/wp-content\/uploads\/2022\/08\/about_left__1.png\" alt=\"image\"\/>\n                                    <\/div>     \n    \t\t\t\t<\/div>\n\t\t\t\t<\/div>\n\t\t\t\t\t<\/div>\n\t\t<\/div>\n\t\t\t\t\t<\/div>\n\t\t<\/section>\n\t\t\t\t<section class=\"default_header elementor-section elementor-top-section elementor-element elementor-element-dbc859b elementor-section-stretched elementor-section-boxed elementor-section-height-default elementor-section-height-default\" data-id=\"dbc859b\" data-element_type=\"section\" data-e-type=\"section\" data-settings=\"{&quot;stretch_section&quot;:&quot;section-stretched&quot;,&quot;background_background&quot;:&quot;classic&quot;}\">\n\t\t\t\t\t\t<div class=\"elementor-container elementor-column-gap-default\">\n\t\t\t\t\t<div class=\"elementor-column elementor-col-100 elementor-top-column elementor-element elementor-element-3ff117d\" data-id=\"3ff117d\" data-element_type=\"column\" data-e-type=\"column\" data-settings=\"{&quot;background_background&quot;:&quot;classic&quot;}\">\n\t\t\t<div class=\"elementor-widget-wrap elementor-element-populated\">\n\t\t\t\t\t\t<div class=\"elementor-element elementor-element-f485561 elementor-absolute elementor-hidden-tablet elementor-hidden-mobile elementor-widget elementor-widget-rs-image\" data-id=\"f485561\" data-element_type=\"widget\" data-e-type=\"widget\" data-settings=\"{&quot;_position&quot;:&quot;absolute&quot;}\" data-widget_type=\"rs-image.default\">\n\t\t\t\t<div class=\"elementor-widget-container\">\n\t\t\t\t\t\n        <div class=\"rs-image yes\">\n                            <img decoding=\"async\" class=\"rs-multi-image scale_style reverse- blend_unset\" src=\"https:\/\/rstheme.com\/products\/wordpress\/sasco\/wp-content\/uploads\/2022\/08\/circla_shape6.png\" alt=\"image\"\/>\n                                    <\/div>     \n    \t\t\t\t<\/div>\n\t\t\t\t<\/div>\n\t\t\t\t<section class=\"default_header elementor-section elementor-inner-section elementor-element elementor-element-2865263 elementor-section-boxed elementor-section-height-default elementor-section-height-default\" data-id=\"2865263\" data-element_type=\"section\" data-e-type=\"section\">\n\t\t\t\t\t\t<div class=\"elementor-container elementor-column-gap-narrow\">\n\t\t\t\t\t<div class=\"elementor-column elementor-col-50 elementor-inner-column elementor-element elementor-element-3b70107\" data-id=\"3b70107\" data-element_type=\"column\" data-e-type=\"column\">\n\t\t\t<div class=\"elementor-widget-wrap elementor-element-populated\">\n\t\t\t\t\t\t<div class=\"elementor-element elementor-element-c7e2a09 elementor-widget elementor-widget-rs-heading\" data-id=\"c7e2a09\" data-element_type=\"widget\" data-e-type=\"widget\" data-widget_type=\"rs-heading.default\">\n\t\t\t\t<div class=\"elementor-widget-container\">\n\t\t\t\t\t\n        <div class=\"prelements-heading default animate-  normal_color  subnormal_color\">\n        \t<div class=\"title-inner\">        \t\t      \t\t\n\t            <h2 class=\"title\"><span class=\"watermark\"><\/span>No dude en ponerse en contacto con nosotros o simplemente decir hola!<\/h2>\t\t\t\t\n\t\t\t\t\t        <\/div>\n\t                    \t<div class=\"description\">\n            \t\t            \t\t<p>Si bien somos una empresa de desarrollo de software que brinda a las empresas de todo el mundo soluciones tecnol\u00f3gicas personalizadas, nos consideramos socios comerciales estrat\u00e9gicos. Es por eso que ayudamos a los clientes a trav\u00e9s de todo el ciclo de vida del desarrollo de software.<\/p><p>Para nosotros, la cultura es muy importante y es por eso que nos aseguramos de que disfrute cada paso del proceso de dar vida a una aplicaci\u00f3n. Creemos que un cliente satisfecho tiene el poder de crear un impacto positivo en la vida de las personas en todo el mundo a trav\u00e9s de la tecnolog\u00eda.<\/p>  \n            \t<\/div>\n        \t        <\/div>\n        \t\t\t\t<\/div>\n\t\t\t\t<\/div>\n\t\t\t\t<div class=\"elementor-element elementor-element-88342ce elementor-position-inline-start elementor-hidden-desktop elementor-hidden-tablet elementor-hidden-mobile elementor-view-default elementor-mobile-position-block-start elementor-widget elementor-widget-icon-box\" data-id=\"88342ce\" data-element_type=\"widget\" data-e-type=\"widget\" data-widget_type=\"icon-box.default\">\n\t\t\t\t<div class=\"elementor-widget-container\">\n\t\t\t\t\t\t\t<div class=\"elementor-icon-box-wrapper\">\n\n\t\t\t\t\t\t<div class=\"elementor-icon-box-icon\">\n\t\t\t\t<a href=\"tel:%204894857899\" class=\"elementor-icon\" tabindex=\"-1\" aria-label=\"489-485-7899\">\n\t\t\t\t<i aria-hidden=\"true\" class=\"fas fa-phone-alt\"><\/i>\t\t\t\t<\/a>\n\t\t\t<\/div>\n\t\t\t\n\t\t\t\t\t\t<div class=\"elementor-icon-box-content\">\n\n\t\t\t\t\t\t\t\t\t<h3 class=\"elementor-icon-box-title\">\n\t\t\t\t\t\t<a href=\"tel:%204894857899\" >\n\t\t\t\t\t\t\t489-485-7899\t\t\t\t\t\t<\/a>\n\t\t\t\t\t<\/h3>\n\t\t\t\t\n\t\t\t\t\n\t\t\t<\/div>\n\t\t\t\n\t\t<\/div>\n\t\t\t\t\t\t<\/div>\n\t\t\t\t<\/div>\n\t\t\t\t<div class=\"elementor-element elementor-element-6436d65 elementor-widget__width-auto elementor-absolute elementor-widget elementor-widget-rs-image\" data-id=\"6436d65\" data-element_type=\"widget\" data-e-type=\"widget\" data-settings=\"{&quot;_position&quot;:&quot;absolute&quot;}\" data-widget_type=\"rs-image.default\">\n\t\t\t\t<div class=\"elementor-widget-container\">\n\t\t\t\t\t\n        <div class=\"rs-image yes\">\n                            <img decoding=\"async\" class=\"rs-multi-image spin_style reverse- blend_unset\" src=\"https:\/\/rstheme.com\/products\/wordpress\/sasco\/wp-content\/uploads\/2022\/08\/contact_shape1.png\" alt=\"image\"\/>\n                                    <\/div>     \n    \t\t\t\t<\/div>\n\t\t\t\t<\/div>\n\t\t\t\t<div class=\"elementor-element elementor-element-cf13204 elementor-widget__width-auto elementor-absolute elementor-widget elementor-widget-rs-image\" data-id=\"cf13204\" data-element_type=\"widget\" data-e-type=\"widget\" data-settings=\"{&quot;_position&quot;:&quot;absolute&quot;}\" data-widget_type=\"rs-image.default\">\n\t\t\t\t<div class=\"elementor-widget-container\">\n\t\t\t\t\t\n        <div class=\"rs-image yes\">\n                            <img decoding=\"async\" class=\"rs-multi-image veritcal2 reverse-disable blend_unset\" src=\"https:\/\/rstheme.com\/products\/wordpress\/sasco\/wp-content\/uploads\/2022\/08\/contact_shape2.png\" alt=\"image\"\/>\n                                    <\/div>     \n    \t\t\t\t<\/div>\n\t\t\t\t<\/div>\n\t\t\t\t\t<\/div>\n\t\t<\/div>\n\t\t\t\t<div class=\"elementor-column elementor-col-50 elementor-inner-column elementor-element elementor-element-bdf99eb\" data-id=\"bdf99eb\" data-element_type=\"column\" data-e-type=\"column\" data-settings=\"{&quot;background_background&quot;:&quot;classic&quot;}\">\n\t\t\t<div class=\"elementor-widget-wrap elementor-element-populated\">\n\t\t\t\t\t\t<div class=\"elementor-element elementor-element-de024f7 elementor-widget elementor-widget-heading\" data-id=\"de024f7\" data-element_type=\"widget\" data-e-type=\"widget\" data-widget_type=\"heading.default\">\n\t\t\t\t<div class=\"elementor-widget-container\">\n\t\t\t\t\t<h2 class=\"elementor-heading-title elementor-size-default\">Ponerse en contacto<\/h2>\t\t\t\t<\/div>\n\t\t\t\t<\/div>\n\t\t\t\t<div class=\"elementor-element elementor-element-ce2d6d6 elementor-widget elementor-widget-text-editor\" data-id=\"ce2d6d6\" data-element_type=\"widget\" data-e-type=\"widget\" data-widget_type=\"text-editor.default\">\n\t\t\t\t<div class=\"elementor-widget-container\">\n\t\t\t\t\t\t\t\t\t<p><div class=\"forminator-ui forminator-custom-form forminator-custom-form-36978 forminator-design--default  forminator_ajax\" data-forminator-render=\"0\" data-form=\"forminator-module-36978\" data-uid=\"69d6cb92ba2e9\"><br\/><\/div><form\n\t\t\t\tid=\"forminator-module-36978\"\n\t\t\t\tclass=\"forminator-ui forminator-custom-form forminator-custom-form-36978 forminator-design--default  forminator_ajax\"\n\t\t\t\tmethod=\"post\"\n\t\t\t\tdata-forminator-render=\"0\"\n\t\t\t\tdata-form-id=\"36978\"\n\t\t\t\t data-color-option=\"theme\" data-design=\"default\" data-grid=\"open\" style=\"display: none;\"\n\t\t\t\tdata-uid=\"69d6cb92ba2e9\" action=\"\"\n\t\t\t><div role=\"alert\" aria-live=\"polite\" class=\"forminator-response-message forminator-error\" aria-hidden=\"true\"><\/div><div class=\"forminator-row\"><div id=\"text-1\" class=\"forminator-field-text forminator-col forminator-col-12\"><div class=\"forminator-field\"><input type=\"text\" name=\"text-1\" value=\"\" placeholder=\"Nombres\" id=\"forminator-field-text-1_69d6cb92ba2e9\" class=\"forminator-input forminator-name--field\" data-required=\"1\" \/><\/div><\/div><\/div><div class=\"forminator-row\"><div id=\"text-2\" class=\"forminator-field-text forminator-col forminator-col-12\"><div class=\"forminator-field\"><input type=\"text\" name=\"text-2\" value=\"\" placeholder=\"Apellidos\" id=\"forminator-field-text-2_69d6cb92ba2e9\" class=\"forminator-input forminator-name--field\" data-required=\"1\" \/><\/div><\/div><\/div><div class=\"forminator-row\"><div id=\"email-1\" class=\"forminator-field-email forminator-col forminator-col-12\"><div class=\"forminator-field\"><input type=\"email\" name=\"email-1\" value=\"\" placeholder=\"Email\" id=\"forminator-field-email-1_69d6cb92ba2e9\" class=\"forminator-input forminator-email--field\" data-required=\"1\" aria-required=\"true\" autocomplete=\"email\" \/><\/div><\/div><\/div><div class=\"forminator-row\"><div id=\"phone-1\" class=\"forminator-field-phone forminator-col forminator-col-12\"><div class=\"forminator-field\"><input type=\"text\" name=\"phone-1\" value=\"\" placeholder=\"Tel\u00e9fono\" id=\"forminator-field-phone-1_69d6cb92ba2e9\" class=\"forminator-input forminator-field--phone\" data-required=\"1\" aria-required=\"true\" autocomplete=\"off\" \/><\/div><\/div><\/div><div class=\"forminator-row\"><div id=\"textarea-1\" class=\"forminator-field-textarea forminator-col forminator-col-12\"><div class=\"forminator-field\"><textarea name=\"textarea-1\" placeholder=\"Escribe tu mensaje...\" id=\"forminator-field-textarea-1_69d6cb92ba2e9\" class=\"forminator-textarea\" rows=\"6\" style=\"min-height:140px;\" ><\/textarea><\/div><\/div><\/div><div class=\"forminator-row\" style=\"margin: 0;\"><div id=\"captcha-1\" class=\"forminator-field-captcha  forminator-col-12\"><div class=\"forminator-captcha-left forminator-g-recaptcha recaptcha-invisible\" data-theme=\"light\" data-badge=\"bottomright\" data-sitekey=\"6LeAMHsrAAAAAFzkoNGMrV5FJT4mxnyJSIcFL0Qe\" data-size=\"invisible\"><\/div> <\/div><\/div><input type=\"hidden\" name=\"referer_url\" value=\"\" \/><div class=\"forminator-row forminator-row-last\"><div class=\"forminator-col\"><div class=\"forminator-field\"><button class=\"forminator-button forminator-button-submit\">Enviar<\/button><\/div><\/div><\/div><input type=\"hidden\" id=\"forminator_nonce\" name=\"forminator_nonce\" value=\"daa663ebd0\" \/><input type=\"hidden\" name=\"_wp_http_referer\" value=\"\/es\/wp-json\/wp\/v2\/pages\/36302\" \/><input type=\"hidden\" name=\"form_id\" value=\"36978\"><input type=\"hidden\" name=\"page_id\" value=\"36302\"><input type=\"hidden\" name=\"form_type\" value=\"default\"><input type=\"hidden\" name=\"current_url\" value=\"https:\/\/5leveldd.com\/es\/contact\/\"><input type=\"hidden\" name=\"render_id\" value=\"0\"><input type=\"hidden\" name=\"action\" value=\"forminator_submit_form_custom-forms\"><input type=\"hidden\" name=\"trp-form-language\" value=\"es\"\/><\/form><\/p>\t\t\t\t\t\t\t\t<\/div>\n\t\t\t\t<\/div>\n\t\t\t\t\t<\/div>\n\t\t<\/div>\n\t\t\t\t\t<\/div>\n\t\t<\/section>\n\t\t\t\t\t<\/div>\n\t\t<\/div>\n\t\t\t\t\t<\/div>\n\t\t<\/section>\n\t\t\t\t<section class=\"default_header elementor-section elementor-top-section elementor-element elementor-element-920336b elementor-section-stretched elementor-section-full_width elementor-section-height-default elementor-section-height-default\" data-id=\"920336b\" data-element_type=\"section\" data-e-type=\"section\" data-settings=\"{&quot;stretch_section&quot;:&quot;section-stretched&quot;,&quot;background_background&quot;:&quot;classic&quot;}\">\n\t\t\t\t\t\t<div class=\"elementor-container elementor-column-gap-default\">\n\t\t\t\t\t<div class=\"elementor-column elementor-col-100 elementor-top-column elementor-element elementor-element-817426c\" data-id=\"817426c\" data-element_type=\"column\" data-e-type=\"column\">\n\t\t\t<div class=\"elementor-widget-wrap elementor-element-populated\">\n\t\t\t\t\t\t<section class=\"default_header elementor-section elementor-inner-section elementor-element elementor-element-06282a2 elementor-section-boxed elementor-section-height-default elementor-section-height-default\" data-id=\"06282a2\" data-element_type=\"section\" data-e-type=\"section\">\n\t\t\t\t\t\t<div class=\"elementor-container elementor-column-gap-default\">\n\t\t\t\t\t<div class=\"elementor-column elementor-col-33 elementor-inner-column elementor-element elementor-element-2020b7c\" data-id=\"2020b7c\" data-element_type=\"column\" data-e-type=\"column\">\n\t\t\t<div class=\"elementor-widget-wrap elementor-element-populated\">\n\t\t\t\t\t\t<div class=\"elementor-element elementor-element-30346a1 elementor-widget elementor-widget-rs-contact-box\" data-id=\"30346a1\" data-element_type=\"widget\" data-e-type=\"widget\" data-widget_type=\"rs-contact-box.default\">\n\t\t\t\t<div class=\"elementor-widget-container\">\n\t\t\t\t\t\t\t\r\n\r\n\t\t<!-- Style 1 Start -->\r\n\t\t<div class=\"rs-contact-box\">\r\n\r\n\t\t\t\t\t\t<div class=\"address-item vertical boxstyle1\">\r\n\r\n\t\t\t\t\t\t\t            <div class=\"address-icon\">\r\n\t\t            \t\t\t            \t\t<i class=\"ri-mail-fill\"><\/i>\r\n\t\t            \t\t\t            <\/div>\r\n\t\t            \r\n\t\t            <div class=\"address-text\">\r\n\t\t            \t\r\n\r\n\t\t            \t\r\n\r\n\t\t            \t\t\t\t            \t<div class=\"email\">\r\n\t\t\t            \t\t\t\t\t            \t\t <span class=\"label\">Env\u00edanos un correo electr\u00f3nico<\/span>\r\n\t\t\t            \t\t\t\t\t\t                <a href=\"mailto:contact@5leveldd.com\">contact@5leveldd.com<\/a>\r\n\t\t\t\t            <\/div>\r\n\t\t\t       \t\t\t\t            <\/div>\r\n\t\t        <\/div>\r\n\t\t\t\t\t<\/div>\r\n\r\n\t<!-- Style 1 End -->\t\r\n\t\t\r\n\t\t\t\t\t<\/div>\n\t\t\t\t<\/div>\n\t\t\t\t\t<\/div>\n\t\t<\/div>\n\t\t\t\t<div class=\"elementor-column elementor-col-33 elementor-inner-column elementor-element elementor-element-18a2b0f\" data-id=\"18a2b0f\" data-element_type=\"column\" data-e-type=\"column\">\n\t\t\t<div class=\"elementor-widget-wrap elementor-element-populated\">\n\t\t\t\t\t\t<div class=\"elementor-element elementor-element-7dfc16e elementor-widget elementor-widget-rs-contact-box\" data-id=\"7dfc16e\" data-element_type=\"widget\" data-e-type=\"widget\" data-widget_type=\"rs-contact-box.default\">\n\t\t\t\t<div class=\"elementor-widget-container\">\n\t\t\t\t\t\t\t\r\n\r\n\t\t<!-- Style 1 Start -->\r\n\t\t<div class=\"rs-contact-box\">\r\n\r\n\t\t\t\t\t\t<div class=\"address-item vertical boxstyle1\">\r\n\r\n\t\t\t\t\t\t\t            <div class=\"address-icon\">\r\n\t\t            \t\t\t            \t\t<i class=\"fa fa-university\"><\/i>\r\n\t\t            \t\t\t            <\/div>\r\n\t\t            \r\n\t\t            <div class=\"address-text\">\r\n\t\t            \t\t\t            \t<div class=\"text\">\r\n\t\t            \t\t\t\t            \t\t <span class=\"label\">Oficina principal, Estados Unidos<\/span>\r\n\t\t            \t\t\t\t            \t\t\t\t            \t\t<span class=\"des\">\r\n\t\t\t\t                100, Joshua Pl NW Unit 36, Concord.\t\t\t\t            <\/span>\r\n\t\t\t\t            \t\t\t            <\/div>\r\n\t\t\t       \t\t\r\n\r\n\t\t            \t\r\n\r\n\t\t            \t\t\t            <\/div>\r\n\t\t        <\/div>\r\n\t\t\t\t\t<\/div>\r\n\r\n\t<!-- Style 1 End -->\t\r\n\t\t\r\n\t\t\t\t\t<\/div>\n\t\t\t\t<\/div>\n\t\t\t\t\t<\/div>\n\t\t<\/div>\n\t\t\t\t<div class=\"elementor-column elementor-col-33 elementor-inner-column elementor-element elementor-element-d46d151\" data-id=\"d46d151\" data-element_type=\"column\" data-e-type=\"column\">\n\t\t\t<div class=\"elementor-widget-wrap elementor-element-populated\">\n\t\t\t\t\t\t<div class=\"elementor-element elementor-element-082f6da elementor-widget elementor-widget-rs-contact-box\" data-id=\"082f6da\" data-element_type=\"widget\" data-e-type=\"widget\" data-widget_type=\"rs-contact-box.default\">\n\t\t\t\t<div class=\"elementor-widget-container\">\n\t\t\t\t\t\t\t\r\n\r\n\t\t<!-- Style 1 Start -->\r\n\t\t<div class=\"rs-contact-box\">\r\n\r\n\t\t\t\t\t\t<div class=\"address-item vertical boxstyle1\">\r\n\r\n\t\t\t\t\t\t\t            <div class=\"address-icon\">\r\n\t\t            \t\t\t            \t\t<i class=\"ri-map-pin-fill\"><\/i>\r\n\t\t            \t\t\t            <\/div>\r\n\t\t            \r\n\t\t            <div class=\"address-text\">\r\n\t\t            \t\t\t            \t<div class=\"text\">\r\n\t\t            \t\t\t\t            \t\t <span class=\"label\">Oficina en Am\u00e9rica Latina<\/span>\r\n\t\t            \t\t\t\t            \t\t\t\t            \t\t<span class=\"des\">\r\n\t\t\t\t                Calle 44a 31-03 Bucaramanga, Colombia.\t\t\t\t            <\/span>\r\n\t\t\t\t            \t\t\t            <\/div>\r\n\t\t\t       \t\t\r\n\r\n\t\t            \t\r\n\r\n\t\t            \t\t\t            <\/div>\r\n\t\t        <\/div>\r\n\t\t\t\t\t<\/div>\r\n\r\n\t<!-- Style 1 End -->\t\r\n\t\t\r\n\t\t\t\t\t<\/div>\n\t\t\t\t<\/div>\n\t\t\t\t\t<\/div>\n\t\t<\/div>\n\t\t\t\t\t<\/div>\n\t\t<\/section>\n\t\t\t\t\t<\/div>\n\t\t<\/div>\n\t\t\t\t\t<\/div>\n\t\t<\/section>\n\t\t\t\t<\/div>","protected":false},"excerpt":{"rendered":"<p>Best Developing &amp; Design Services Get In Touch Development of technological solutions and digital transformation Let&#8217;s work hand in hand with you to make optimal strategic decisions that positively impact your company. Whether you are a small start-up or a large company, your business matters to us. \u00a0 Your success is our success. Feel free&#8230;<\/p>","protected":false},"author":1,"featured_media":0,"parent":0,"menu_order":0,"comment_status":"closed","ping_status":"closed","template":"elementor_header_footer","meta":{"footnotes":""},"class_list":["post-36302","page","type-page","status-publish","hentry"],"_links":{"self":[{"href":"https:\/\/5leveldd.com\/es\/wp-json\/wp\/v2\/pages\/36302","targetHints":{"allow":["GET"]}}],"collection":[{"href":"https:\/\/5leveldd.com\/es\/wp-json\/wp\/v2\/pages"}],"about":[{"href":"https:\/\/5leveldd.com\/es\/wp-json\/wp\/v2\/types\/page"}],"author":[{"embeddable":true,"href":"https:\/\/5leveldd.com\/es\/wp-json\/wp\/v2\/users\/1"}],"replies":[{"embeddable":true,"href":"https:\/\/5leveldd.com\/es\/wp-json\/wp\/v2\/comments?post=36302"}],"version-history":[{"count":253,"href":"https:\/\/5leveldd.com\/es\/wp-json\/wp\/v2\/pages\/36302\/revisions"}],"predecessor-version":[{"id":37001,"href":"https:\/\/5leveldd.com\/es\/wp-json\/wp\/v2\/pages\/36302\/revisions\/37001"}],"wp:attachment":[{"href":"https:\/\/5leveldd.com\/es\/wp-json\/wp\/v2\/media?parent=36302"}],"curies":[{"name":"wp","href":"https:\/\/api.w.org\/{rel}","templated":true}]}}